{"id":838,"date":"2020-04-03T11:33:17","date_gmt":"2020-04-03T09:33:17","guid":{"rendered":"https:\/\/henning4future.com\/?page_id=838"},"modified":"2025-03-16T13:22:07","modified_gmt":"2025-03-16T12:22:07","slug":"tio-the-learning-experience-for-the-osto-methodology","status":"publish","type":"page","link":"https:\/\/henning4future.com\/en\/tio-the-learning-experience-for-the-osto-methodology\/","title":{"rendered":"TIO \u2013 the learning experience for the OSTO methodology"},"content":{"rendered":"<p>[et_pb_section fb_built=&#8221;1&#8243; _builder_version=&#8221;4.16&#8243; background_color=&#8221;rgba(0,0,0,0)&#8221; custom_padding=&#8221;13px||3px|||&#8221; saved_tabs=&#8221;all&#8221; global_colors_info=&#8221;{}&#8221;][et_pb_row _builder_version=&#8221;4.16&#8243; custom_padding=&#8221;21px||0px|||&#8221; global_colors_info=&#8221;{}&#8221;][et_pb_column type=&#8221;4_4&#8243; _builder_version=&#8221;4.16&#8243; global_colors_info=&#8221;{}&#8221;][et_pb_divider color=&#8221;#e5bb13&#8243; divider_weight=&#8221;3px&#8221; _builder_version=&#8221;4.16&#8243; width=&#8221;20%&#8221; module_alignment=&#8221;center&#8221; global_colors_info=&#8221;{}&#8221;][\/et_pb_divider][\/et_pb_column][\/et_pb_row][\/et_pb_section][et_pb_section fb_built=&#8221;1&#8243; _builder_version=&#8221;4.16&#8243; background_color=&#8221;rgba(0,0,0,0)&#8221; background_enable_image=&#8221;off&#8221; background_size=&#8221;contain&#8221; background_position=&#8221;bottom_right&#8221; custom_padding=&#8221;8px||10px|||&#8221; animation_style=&#8221;fade&#8221; global_colors_info=&#8221;{}&#8221;][et_pb_row column_structure=&#8221;2_5,3_5&#8243; use_custom_gutter=&#8221;on&#8221; gutter_width=&#8221;4&#8243; make_equal=&#8221;on&#8221; _builder_version=&#8221;4.16&#8243; width=&#8221;46%&#8221; width_tablet=&#8221;80%&#8221; width_phone=&#8221;&#8221; width_last_edited=&#8221;on|phone&#8221; global_colors_info=&#8221;{}&#8221;][et_pb_column type=&#8221;2_5&#8243; _builder_version=&#8221;4.16&#8243; global_colors_info=&#8221;{}&#8221;][et_pb_image src=&#8221;https:\/\/henning4future.com\/wp-content\/uploads\/2020\/02\/Syma.jpg&#8221; _builder_version=&#8221;4.16&#8243; global_colors_info=&#8221;{}&#8221;][\/et_pb_image][et_pb_text _builder_version=&#8221;4.18.0&#8243; global_colors_info=&#8221;{}&#8221;]<\/p>\n<p><strong>Further information is available at:<\/strong><br \/><a href=\"https:\/\/vierdrittel.com\/workshops-trainings-lernerlebnisse\/\" target=\"_blank\" rel=\"noopener noreferrer\">workshop<\/a><br \/><a href=\"https:\/\/www.consultingbay.de\/ce\/systemische-organisationsberatung\/detail.html\" target=\"_blank\" rel=\"noopener noreferrer\" title=\"link to an article about Systemic Management\">www.consultingbay.de<\/a><\/p>\n<p>[\/et_pb_text][\/et_pb_column][et_pb_column type=&#8221;3_5&#8243; _builder_version=&#8221;4.16&#8243; global_colors_info=&#8221;{}&#8221;][et_pb_text _builder_version=&#8221;4.18.0&#8243; global_colors_info=&#8221;{}&#8221;]<\/p>\n<h2>TIO &#8211; the learning experience for the OSTO methodology<\/h2>\n<p>TIO stands for Team-Individual-Organization. At these central levels, the aim is to holistically organize all interactions between managers, employees, colleagues, customers, suppliers, financiers, market, society, culture and environment. It is about targeted intervention in the communication and expectation structures of those involved in order to better achieve the goals of an organization. This can be experienced in a four-day \u201cflight simulator\u201d with an additional meeting before and after.<\/p>\n<p>[\/et_pb_text][\/et_pb_column][\/et_pb_row][et_pb_row _builder_version=&#8221;4.16&#8243; global_colors_info=&#8221;{}&#8221;][et_pb_column type=&#8221;4_4&#8243; _builder_version=&#8221;4.16&#8243; global_colors_info=&#8221;{}&#8221;][et_pb_text _builder_version=&#8221;4.18.0&#8243; global_colors_info=&#8221;{}&#8221;]<\/p>\n<p>The learning experience in this &#8220;Flight Simulator&#8221; results from experiencing a transformation process of an organization &#8211; from a hierarchical to a network organization. One year of transformation corresponds to one day of seminars in which all the ups and downs of a change process are simulated.<br \/>As change experts, the trainers provide valuable methodological impulses for pragmatic application in everyday life. In TIO you have the opportunity to reflect on your own role in change.<\/p>\n<p>[\/et_pb_text][et_pb_text _builder_version=&#8221;4.18.0&#8243; hover_enabled=&#8221;0&#8243; global_colors_info=&#8221;{}&#8221; sticky_enabled=&#8221;0&#8243;]<\/p>\n<p>The training starts with an exchange of experiences about your own handling of complexity and dynamics. The building blocks of the OSTO system model are introduced and explained step by step. Numerous times are scheduled for personal reflection and for reflection in the team. The whole seminar is structured according to the principle of learning by doing. The learning levels individual, group, team, organization and network are considered. Included are building blocks for dealing with the corporate environment and questions about the meaning of an organization and the role of managers.<\/p>\n<p>We know that at one week, the training is very long. But it is worth it. Those who are responsible for larger change processes themselves can gain further qualifications with advanced seminars.<\/p>\n<p>In cases where an absence from the workplace for a week is unthinkable (board members, chief physicians, ministers), we are happy to lead the individual elements and experience modules step by step over a longer period of time &#8220;in the running business&#8221;.<\/p>\n<p>[\/et_pb_text][\/et_pb_column][\/et_pb_row][et_pb_row column_structure=&#8221;1_3,1_3,1_3&#8243; _builder_version=&#8221;4.16&#8243; width=&#8221;70%&#8221; custom_margin=&#8221;||||false|false&#8221; custom_padding=&#8221;||||false|false&#8221; locked=&#8221;off&#8221; global_colors_info=&#8221;{}&#8221;][et_pb_column type=&#8221;1_3&#8243; _builder_version=&#8221;4.16&#8243; global_colors_info=&#8221;{}&#8221;][et_pb_button button_url=&#8221;@ET-DC@eyJkeW5hbWljIjp0cnVlLCJjb250ZW50IjoicG9zdF9saW5rX3VybF9wYWdlIiwic2V0dGluZ3MiOnsicG9zdF9pZCI6IjUwOCJ9fQ==@&#8221; button_text=&#8221;OSTO-system model&#8221; button_alignment=&#8221;center&#8221; _builder_version=&#8221;4.16&#8243; _dynamic_attributes=&#8221;button_url&#8221; custom_margin=&#8221;||||false|false&#8221; custom_padding=&#8221;||||false|false&#8221; global_colors_info=&#8221;{}&#8221;][\/et_pb_button][\/et_pb_column][et_pb_column type=&#8221;1_3&#8243; _builder_version=&#8221;4.16&#8243; global_colors_info=&#8221;{}&#8221;][et_pb_button button_url=&#8221;@ET-DC@eyJkeW5hbWljIjp0cnVlLCJjb250ZW50IjoicG9zdF9saW5rX3VybF9wYWdlIiwic2V0dGluZ3MiOnsicG9zdF9pZCI6IjUxMSJ9fQ==@&#8221; button_text=&#8221;Dynaxity&#8221; button_alignment=&#8221;center&#8221; _builder_version=&#8221;4.16&#8243; _dynamic_attributes=&#8221;button_url&#8221; custom_margin=&#8221;|0px||0px|false|false&#8221; global_colors_info=&#8221;{}&#8221;][\/et_pb_button][\/et_pb_column][et_pb_column type=&#8221;1_3&#8243; _builder_version=&#8221;4.16&#8243; global_colors_info=&#8221;{}&#8221;][et_pb_button button_url=&#8221;@ET-DC@eyJkeW5hbWljIjp0cnVlLCJjb250ZW50IjoicG9zdF9saW5rX3VybF9wYWdlIiwic2V0dGluZ3MiOnsicG9zdF9pZCI6IjUxNCJ9fQ==@&#8221; button_text=&#8221;Agilo Manifesto&#8221; button_alignment=&#8221;center&#8221; _builder_version=&#8221;4.16&#8243; _dynamic_attributes=&#8221;button_url&#8221; global_colors_info=&#8221;{}&#8221;][\/et_pb_button][\/et_pb_column][\/et_pb_row][\/et_pb_section][et_pb_section fb_built=&#8221;1&#8243; _builder_version=&#8221;4.16&#8243; background_color=&#8221;rgba(0,0,0,0)&#8221; custom_padding=&#8221;13px||3px|||&#8221; saved_tabs=&#8221;all&#8221; global_colors_info=&#8221;{}&#8221;][et_pb_row _builder_version=&#8221;4.16&#8243; custom_padding=&#8221;21px||0px|||&#8221; global_colors_info=&#8221;{}&#8221;][et_pb_column type=&#8221;4_4&#8243; _builder_version=&#8221;4.16&#8243; global_colors_info=&#8221;{}&#8221;][et_pb_divider color=&#8221;#e5bb13&#8243; divider_weight=&#8221;3px&#8221; _builder_version=&#8221;4.16&#8243; width=&#8221;20%&#8221; module_alignment=&#8221;center&#8221; global_colors_info=&#8221;{}&#8221;][\/et_pb_divider][\/et_pb_column][\/et_pb_row][\/et_pb_section]<\/p>\n","protected":false},"excerpt":{"rendered":"<p>Further information is available at:workshopwww.consultingbay.deTIO &#8211; the learning experience for the OSTO methodology TIO stands for Team-Individual-Organization. At these central levels, the aim is to holistically organize all interactions between managers, employees, colleagues, customers, suppliers, financiers, market, society, culture and environment. It is about targeted intervention in the communication and expectation structures of those involved [&hellip;]<\/p>\n","protected":false},"author":1,"featured_media":554,"parent":0,"menu_order":0,"comment_status":"closed","ping_status":"closed","template":"","meta":{"_et_pb_use_builder":"on","_et_pb_old_content":"[et_pb_section fb_built=\"1\" _builder_version=\"4.2.1\" background_color=\"rgba(0,0,0,0)\" custom_padding=\"13px||3px|||\" saved_tabs=\"all\"][et_pb_row _builder_version=\"4.2.1\" custom_padding=\"21px||0px|||\"][et_pb_column type=\"4_4\" _builder_version=\"4.2.1\"][et_pb_divider color=\"#e5bb13\" divider_weight=\"3px\" _builder_version=\"4.2.1\" width=\"20%\" module_alignment=\"center\"][\/et_pb_divider][\/et_pb_column][\/et_pb_row][\/et_pb_section][et_pb_section fb_built=\"1\" _builder_version=\"4.2.1\" background_color=\"rgba(0,0,0,0)\" background_enable_image=\"off\" background_size=\"contain\" background_position=\"bottom_right\" custom_padding=\"8px||10px|||\" animation_style=\"fade\"][et_pb_row column_structure=\"2_5,3_5\" use_custom_gutter=\"on\" gutter_width=\"4\" make_equal=\"on\" _builder_version=\"4.2.1\" width=\"46%\" width_tablet=\"80%\" width_phone=\"\" width_last_edited=\"on|phone\"][et_pb_column type=\"2_5\" _builder_version=\"4.2.1\"][et_pb_image src=\"https:\/\/henning4future.com\/wp-content\/uploads\/2020\/02\/Syma.jpg\" _builder_version=\"4.2.1\"][\/et_pb_image][et_pb_text _builder_version=\"4.2.1\"]\n\n<strong>N\u00e4heres dazu unter:<\/strong>\n<a href=\"https:\/\/de.wikipedia.org\/wiki\/Dynaxity\" target=\"_blank\" rel=\"noopener noreferrer\" title=\"Dynaxity bei Wikipedia\"><\/a><a href=\"http:\/\/www.syma-seminare.de\" target=\"_blank\" rel=\"noopener noreferrer\" title=\"Link zur Homepage \u00fcber SYMA Seminare\">www.syma-seminare.de<\/a>\n\n[\/et_pb_text][\/et_pb_column][et_pb_column type=\"3_5\" _builder_version=\"4.2.1\"][et_pb_text _builder_version=\"4.2.1\"]\n<h2><strong>SYMA \u2013 Systemisches Management<\/strong><\/h2>\nSystemisches Management ber\u00fccksichtigt im Sinne des systemischen Ansatzes ganzheitlich alle Interaktionen zwischen F\u00fchrungskr\u00e4ften, Mitarbeitern, Kollegen, Kunden, Lieferanten, Finanziers, Markt, Gesellschaft, Kultur und Umwelt. Es geht ihr um das gezielte Intervenieren in Kommunikations- und Erwartungsstrukturen der Beteiligten, um dadurch die Ziele einer Organisation besser zu erreichen.\nDas kann man in einem einw\u00f6chigen \u201eFlugsimulator\u201c erleben und ein\u00fcben. Dieses einw\u00f6chige Erlebnisseminar steht f\u00fcr das Wort SYMA\u00ae.\n\n[\/et_pb_text][\/et_pb_column][\/et_pb_row][et_pb_row _builder_version=\"4.2.1\"][et_pb_column type=\"4_4\" _builder_version=\"4.2.1\"][et_pb_text _builder_version=\"4.2.1\"]\n\nDie Lernerfahrung bei diesem \u201eFlugsimulator\u201c ergibt sich durch das Erleben eines Transformationsprozesses einer Organisation \u2013 von einer hierarchischen hin zu einer Netzwerkorganisation. Ein Transformationsjahr entspricht dabei einem Seminartag, in welchem alle H\u00f6hen und Tiefen eines Change-Prozesses simuliert werden.\nDie Trainer geben als Change-Experten wertvolle Methoden-Impulse zur pragmatischen Anwendung im Alltag. Im SYMA\u00ae haben Sie die M\u00f6glichkeit, Ihre eigene Rolle im Change zu reflektieren.\n\n[\/et_pb_text][et_pb_text _builder_version=\"4.2.1\" hover_enabled=\"0\"]\n\nDas Training beginnt mit einem Erfahrungsaustausch \u00fcber den eigenen Umgang mit Komplexit\u00e4t und Dynamik. Die Bausteine des OSTO Systemmodells werden schrittweise eingef\u00fchrt und erl\u00e4utert. Es sind zahlreiche Zeiten zur pers\u00f6nlichen Reflexion und zur Reflexion im Team eingeplant. Das ganze Seminar ist nach dem Prinzip Learning by doing aufgebaut. Dabei werden die Lernebenen Individuum, Gruppe, Team, Organisation und Netzwerk\/Konzern betrachtet. Enthalten sind Bausteine zum Umgang mit der Unternehmensumwelt und Fragen des Sinns einer Organisation und der Rolle der F\u00fchrungskr\u00e4fte.\n\nWir wissen, dass das Training mit einer Woche sehr lange ist. Aber es lohnt sich. Wer selbst gr\u00f6\u00dfere Change-Prozesse zu verantworten hat, kann sich berufsbegleitend zu einem T\u00fcV zertifizierten Change-Manager qualifizieren.\n\nIn F\u00e4llen, in denen eine Abwesenheit vom Arbeitsplatz f\u00fcr eine Woche undenkbar ist (Vorst\u00e4nde, Chef\u00e4rzte, Minister), f\u00fchren wir gerne die einzelnen Elemente und Erfahrungsbausteine Schritt f\u00fcr Schritt \u00fcber einen l\u00e4ngeren Zeitraum \u201eim laufenden Betrieb\u201c ein.\n\n[\/et_pb_text][\/et_pb_column][\/et_pb_row][et_pb_row column_structure=\"1_3,1_3,1_3\" _builder_version=\"4.2.1\" width=\"70%\" custom_margin=\"||||false|false\" custom_padding=\"||||false|false\" locked=\"off\"][et_pb_column type=\"1_3\" _builder_version=\"4.2.1\"][et_pb_button button_url=\"@ET-DC@eyJkeW5hbWljIjp0cnVlLCJjb250ZW50IjoicG9zdF9saW5rX3VybF9wYWdlIiwic2V0dGluZ3MiOnsicG9zdF9pZCI6IjUwOCJ9fQ==@\" button_text=\"OSTO-Systemmodell\" button_alignment=\"center\" _builder_version=\"4.2.1\" _dynamic_attributes=\"button_url\" custom_margin=\"||||false|false\" custom_padding=\"||||false|false\"][\/et_pb_button][\/et_pb_column][et_pb_column type=\"1_3\" _builder_version=\"4.2.1\"][et_pb_button button_url=\"@ET-DC@eyJkeW5hbWljIjp0cnVlLCJjb250ZW50IjoicG9zdF9saW5rX3VybF9wYWdlIiwic2V0dGluZ3MiOnsicG9zdF9pZCI6IjUxMSJ9fQ==@\" button_text=\"Dynaxity\" button_alignment=\"center\" _builder_version=\"4.2.1\" _dynamic_attributes=\"button_url\" custom_margin=\"|0px||0px|false|false\"][\/et_pb_button][\/et_pb_column][et_pb_column type=\"1_3\" _builder_version=\"4.2.1\"][et_pb_button button_url=\"@ET-DC@eyJkeW5hbWljIjp0cnVlLCJjb250ZW50IjoicG9zdF9saW5rX3VybF9wYWdlIiwic2V0dGluZ3MiOnsicG9zdF9pZCI6IjUxNCJ9fQ==@\" button_text=\"Agiles Manifest\" button_alignment=\"center\" _builder_version=\"4.2.1\" _dynamic_attributes=\"button_url\"][\/et_pb_button][\/et_pb_column][\/et_pb_row][\/et_pb_section][et_pb_section fb_built=\"1\" _builder_version=\"4.2.1\" background_color=\"rgba(0,0,0,0)\" custom_padding=\"13px||3px|||\" global_module=\"41\" saved_tabs=\"all\"][et_pb_row _builder_version=\"4.2.1\" custom_padding=\"21px||0px|||\"][et_pb_column type=\"4_4\" _builder_version=\"4.2.1\"][et_pb_divider color=\"#e5bb13\" divider_weight=\"3px\" _builder_version=\"4.2.1\" width=\"20%\" module_alignment=\"center\"][\/et_pb_divider][\/et_pb_column][\/et_pb_row][\/et_pb_section]","_et_gb_content_width":""},"yoast_head":"<!-- This site is optimized with the Yoast SEO plugin v19.7 - https:\/\/yoast.com\/wordpress\/plugins\/seo\/ -->\n<title>TIO \u2013 the learning experience for the OSTO methodology - henning4future.com<\/title>\n<meta name=\"description\" content=\"SYMA - Systemic management, in the sense of the systemic approach, holistically considers all interactions between managers, employees, colleagues...\" \/>\n<meta name=\"robots\" content=\"index, follow, max-snippet:-1, max-image-preview:large, max-video-preview:-1\" \/>\n<link rel=\"canonical\" href=\"https:\/\/henning4future.com\/en\/tio-the-learning-experience-for-the-osto-methodology\/\" \/>\n<meta property=\"og:locale\" content=\"en_US\" \/>\n<meta property=\"og:type\" content=\"article\" \/>\n<meta property=\"og:title\" content=\"TIO \u2013 the learning experience for the OSTO methodology - henning4future.com\" \/>\n<meta property=\"og:description\" content=\"SYMA - Systemic management, in the sense of the systemic approach, holistically considers all interactions between managers, employees, colleagues...\" \/>\n<meta property=\"og:url\" content=\"https:\/\/henning4future.com\/en\/tio-the-learning-experience-for-the-osto-methodology\/\" \/>\n<meta property=\"og:site_name\" content=\"henning4future.com\" \/>\n<meta property=\"article:modified_time\" content=\"2025-03-16T12:22:07+00:00\" \/>\n<meta property=\"og:image\" content=\"https:\/\/henning4future.com\/wp-content\/uploads\/2020\/02\/Syma.jpg\" \/>\n\t<meta property=\"og:image:width\" content=\"461\" \/>\n\t<meta property=\"og:image:height\" content=\"552\" \/>\n\t<meta property=\"og:image:type\" content=\"image\/jpeg\" \/>\n<meta name=\"twitter:card\" content=\"summary_large_image\" \/>\n<meta name=\"twitter:label1\" content=\"Est. reading time\" \/>\n\t<meta name=\"twitter:data1\" content=\"4 minutes\" \/>\n<script type=\"application\/ld+json\" class=\"yoast-schema-graph\">{\"@context\":\"https:\/\/schema.org\",\"@graph\":[{\"@type\":\"WebPage\",\"@id\":\"https:\/\/henning4future.com\/en\/tio-the-learning-experience-for-the-osto-methodology\/\",\"url\":\"https:\/\/henning4future.com\/en\/tio-the-learning-experience-for-the-osto-methodology\/\",\"name\":\"TIO \u2013 the learning experience for the OSTO methodology - henning4future.com\",\"isPartOf\":{\"@id\":\"https:\/\/henning4future.com\/#website\"},\"datePublished\":\"2020-04-03T09:33:17+00:00\",\"dateModified\":\"2025-03-16T12:22:07+00:00\",\"description\":\"SYMA - Systemic management, in the sense of the systemic approach, holistically considers all interactions between managers, employees, colleagues...\",\"breadcrumb\":{\"@id\":\"https:\/\/henning4future.com\/en\/tio-the-learning-experience-for-the-osto-methodology\/#breadcrumb\"},\"inLanguage\":\"en-US\",\"potentialAction\":[{\"@type\":\"ReadAction\",\"target\":[\"https:\/\/henning4future.com\/en\/tio-the-learning-experience-for-the-osto-methodology\/\"]}]},{\"@type\":\"BreadcrumbList\",\"@id\":\"https:\/\/henning4future.com\/en\/tio-the-learning-experience-for-the-osto-methodology\/#breadcrumb\",\"itemListElement\":[{\"@type\":\"ListItem\",\"position\":1,\"name\":\"Startseite\",\"item\":\"https:\/\/henning4future.com\/en\/\"},{\"@type\":\"ListItem\",\"position\":2,\"name\":\"TIO \u2013 the learning experience for the OSTO methodology\"}]},{\"@type\":\"WebSite\",\"@id\":\"https:\/\/henning4future.com\/#website\",\"url\":\"https:\/\/henning4future.com\/\",\"name\":\"henning4future.com\",\"description\":\"In eine lebenswerte Zukunft begleiten\",\"publisher\":{\"@id\":\"https:\/\/henning4future.com\/#organization\"},\"potentialAction\":[{\"@type\":\"SearchAction\",\"target\":{\"@type\":\"EntryPoint\",\"urlTemplate\":\"https:\/\/henning4future.com\/?s={search_term_string}\"},\"query-input\":\"required name=search_term_string\"}],\"inLanguage\":\"en-US\"},{\"@type\":\"Organization\",\"@id\":\"https:\/\/henning4future.com\/#organization\",\"name\":\"henning4future.com\",\"url\":\"https:\/\/henning4future.com\/\",\"sameAs\":[],\"logo\":{\"@type\":\"ImageObject\",\"inLanguage\":\"en-US\",\"@id\":\"https:\/\/henning4future.com\/#\/schema\/logo\/image\/\",\"url\":\"https:\/\/henning4future.com\/wp-content\/uploads\/2020\/02\/logo-henning.png\",\"contentUrl\":\"https:\/\/henning4future.com\/wp-content\/uploads\/2020\/02\/logo-henning.png\",\"width\":524,\"height\":385,\"caption\":\"henning4future.com\"},\"image\":{\"@id\":\"https:\/\/henning4future.com\/#\/schema\/logo\/image\/\"}}]}<\/script>\n<!-- \/ Yoast SEO plugin. -->","yoast_head_json":{"title":"TIO \u2013 the learning experience for the OSTO methodology - henning4future.com","description":"SYMA - Systemic management, in the sense of the systemic approach, holistically considers all interactions between managers, employees, colleagues...","robots":{"index":"index","follow":"follow","max-snippet":"max-snippet:-1","max-image-preview":"max-image-preview:large","max-video-preview":"max-video-preview:-1"},"canonical":"https:\/\/henning4future.com\/en\/tio-the-learning-experience-for-the-osto-methodology\/","og_locale":"en_US","og_type":"article","og_title":"TIO \u2013 the learning experience for the OSTO methodology - henning4future.com","og_description":"SYMA - Systemic management, in the sense of the systemic approach, holistically considers all interactions between managers, employees, colleagues...","og_url":"https:\/\/henning4future.com\/en\/tio-the-learning-experience-for-the-osto-methodology\/","og_site_name":"henning4future.com","article_modified_time":"2025-03-16T12:22:07+00:00","og_image":[{"width":461,"height":552,"url":"https:\/\/henning4future.com\/wp-content\/uploads\/2020\/02\/Syma.jpg","type":"image\/jpeg"}],"twitter_card":"summary_large_image","twitter_misc":{"Est. reading time":"4 minutes"},"schema":{"@context":"https:\/\/schema.org","@graph":[{"@type":"WebPage","@id":"https:\/\/henning4future.com\/en\/tio-the-learning-experience-for-the-osto-methodology\/","url":"https:\/\/henning4future.com\/en\/tio-the-learning-experience-for-the-osto-methodology\/","name":"TIO \u2013 the learning experience for the OSTO methodology - henning4future.com","isPartOf":{"@id":"https:\/\/henning4future.com\/#website"},"datePublished":"2020-04-03T09:33:17+00:00","dateModified":"2025-03-16T12:22:07+00:00","description":"SYMA - Systemic management, in the sense of the systemic approach, holistically considers all interactions between managers, employees, colleagues...","breadcrumb":{"@id":"https:\/\/henning4future.com\/en\/tio-the-learning-experience-for-the-osto-methodology\/#breadcrumb"},"inLanguage":"en-US","potentialAction":[{"@type":"ReadAction","target":["https:\/\/henning4future.com\/en\/tio-the-learning-experience-for-the-osto-methodology\/"]}]},{"@type":"BreadcrumbList","@id":"https:\/\/henning4future.com\/en\/tio-the-learning-experience-for-the-osto-methodology\/#breadcrumb","itemListElement":[{"@type":"ListItem","position":1,"name":"Startseite","item":"https:\/\/henning4future.com\/en\/"},{"@type":"ListItem","position":2,"name":"TIO \u2013 the learning experience for the OSTO methodology"}]},{"@type":"WebSite","@id":"https:\/\/henning4future.com\/#website","url":"https:\/\/henning4future.com\/","name":"henning4future.com","description":"In eine lebenswerte Zukunft begleiten","publisher":{"@id":"https:\/\/henning4future.com\/#organization"},"potentialAction":[{"@type":"SearchAction","target":{"@type":"EntryPoint","urlTemplate":"https:\/\/henning4future.com\/?s={search_term_string}"},"query-input":"required name=search_term_string"}],"inLanguage":"en-US"},{"@type":"Organization","@id":"https:\/\/henning4future.com\/#organization","name":"henning4future.com","url":"https:\/\/henning4future.com\/","sameAs":[],"logo":{"@type":"ImageObject","inLanguage":"en-US","@id":"https:\/\/henning4future.com\/#\/schema\/logo\/image\/","url":"https:\/\/henning4future.com\/wp-content\/uploads\/2020\/02\/logo-henning.png","contentUrl":"https:\/\/henning4future.com\/wp-content\/uploads\/2020\/02\/logo-henning.png","width":524,"height":385,"caption":"henning4future.com"},"image":{"@id":"https:\/\/henning4future.com\/#\/schema\/logo\/image\/"}}]}},"_links":{"self":[{"href":"https:\/\/henning4future.com\/en\/wp-json\/wp\/v2\/pages\/838"}],"collection":[{"href":"https:\/\/henning4future.com\/en\/wp-json\/wp\/v2\/pages"}],"about":[{"href":"https:\/\/henning4future.com\/en\/wp-json\/wp\/v2\/types\/page"}],"author":[{"embeddable":true,"href":"https:\/\/henning4future.com\/en\/wp-json\/wp\/v2\/users\/1"}],"replies":[{"embeddable":true,"href":"https:\/\/henning4future.com\/en\/wp-json\/wp\/v2\/comments?post=838"}],"version-history":[{"count":15,"href":"https:\/\/henning4future.com\/en\/wp-json\/wp\/v2\/pages\/838\/revisions"}],"predecessor-version":[{"id":1714,"href":"https:\/\/henning4future.com\/en\/wp-json\/wp\/v2\/pages\/838\/revisions\/1714"}],"wp:featuredmedia":[{"embeddable":true,"href":"https:\/\/henning4future.com\/en\/wp-json\/wp\/v2\/media\/554"}],"wp:attachment":[{"href":"https:\/\/henning4future.com\/en\/wp-json\/wp\/v2\/media?parent=838"}],"curies":[{"name":"wp","href":"https:\/\/api.w.org\/{rel}","templated":true}]}}