{"id":897,"date":"2020-04-04T12:50:48","date_gmt":"2020-04-04T10:50:48","guid":{"rendered":"https:\/\/henning4future.com\/?page_id=897"},"modified":"2025-03-14T17:09:54","modified_gmt":"2025-03-14T16:09:54","slug":"osto-system-model","status":"publish","type":"page","link":"https:\/\/henning4future.com\/en\/osto-system-model\/","title":{"rendered":"OSTO system model"},"content":{"rendered":"<p>[et_pb_section fb_built=&#8221;1&#8243; _builder_version=&#8221;4.16&#8243; background_color=&#8221;rgba(0,0,0,0)&#8221; custom_padding=&#8221;13px||3px|||&#8221; saved_tabs=&#8221;all&#8221; global_colors_info=&#8221;{}&#8221;][et_pb_row _builder_version=&#8221;4.16&#8243; custom_padding=&#8221;21px||0px|||&#8221; global_colors_info=&#8221;{}&#8221;][et_pb_column type=&#8221;4_4&#8243; _builder_version=&#8221;4.16&#8243; global_colors_info=&#8221;{}&#8221;][et_pb_divider color=&#8221;#e5bb13&#8243; divider_weight=&#8221;3px&#8221; _builder_version=&#8221;4.16&#8243; width=&#8221;20%&#8221; module_alignment=&#8221;center&#8221; global_colors_info=&#8221;{}&#8221;][\/et_pb_divider][\/et_pb_column][\/et_pb_row][\/et_pb_section][et_pb_section fb_built=&#8221;1&#8243; _builder_version=&#8221;4.16&#8243; background_color=&#8221;rgba(0,0,0,0)&#8221; background_enable_image=&#8221;off&#8221; background_size=&#8221;contain&#8221; background_position=&#8221;bottom_right&#8221; custom_padding=&#8221;8px||10px|||&#8221; animation_style=&#8221;fade&#8221; global_colors_info=&#8221;{}&#8221;][et_pb_row column_structure=&#8221;1_3,2_3&#8243; use_custom_gutter=&#8221;on&#8221; gutter_width=&#8221;4&#8243; make_equal=&#8221;on&#8221; _builder_version=&#8221;4.16&#8243; width=&#8221;46%&#8221; width_tablet=&#8221;80%&#8221; width_phone=&#8221;&#8221; width_last_edited=&#8221;on|phone&#8221; max_width=&#8221;1110px&#8221; global_colors_info=&#8221;{}&#8221;][et_pb_column type=&#8221;1_3&#8243; _builder_version=&#8221;4.16&#8243; global_colors_info=&#8221;{}&#8221;][et_pb_image src=&#8221;https:\/\/henning4future.com\/wp-content\/uploads\/2020\/04\/OSTO_system_model.jpg&#8221; show_in_lightbox=&#8221;on&#8221; _builder_version=&#8221;4.16&#8243; global_colors_info=&#8221;{}&#8221;][\/et_pb_image][et_pb_text _builder_version=&#8221;4.18.0&#8243; global_colors_info=&#8221;{}&#8221;]<\/p>\n<p><strong>more details about the OSTO-system model:<\/strong><br \/><a href=\"https:\/\/en.wikipedia.org\/wiki\/OSTO_System_Model\" target=\"_blank\" rel=\"noopener noreferrer\" title=\"www.wikipedia.org - OSTO system model\">www.wikipedia.org<\/a><br \/><a href=\"https:\/\/en.linkfang.org\/wiki\/OSTO_System_Model\" target=\"_blank\" rel=\"noopener noreferrer\" title=\"Artikel on Linkfang\">Linkfang<\/a><br \/><a href=\"https:\/\/vierdrittel.com\/\" target=\"_blank\" rel=\"noopener noreferrer\" title=\"Vierdrittel eG - Organisationsdesign und -entwicklung\">vierdrittel<\/a><\/p>\n<p>\u201eEach organisation is perfectly designed to get the results it get\u2019s!\u201d<br \/><em>Davis. P. Hanna<\/em><br \/><a href=\"http:\/\/www.davidphanna.com\" target=\"_blank\" rel=\"noopener noreferrer\" title=\"www.davidphanna.com\">www.davidphanna.com<\/a><\/p>\n<p>[\/et_pb_text][\/et_pb_column][et_pb_column type=&#8221;2_3&#8243; _builder_version=&#8221;4.16&#8243; global_colors_info=&#8221;{}&#8221;][et_pb_text _builder_version=&#8221;4.16&#8243; global_colors_info=&#8221;{}&#8221;]<\/p>\n<h2>OSTO-system model<\/h2>\n<p>The <strong>OSTO system model<\/strong> describes how within an organisation, information from the environment, from the reason for existence, and from outputs\/outcomes is transformed into real results through transformation processes.<br \/>We got to know the OSTO approach in 1984 through Heijo Rieckmann and Holger Krug (both at Procter@Gamble at that time). They had developed a training seminar from the original approaches of <a href=\"http:\/\/davidphanna.com\" target=\"_blank\" rel=\"noopener noreferrer\" title=\"David P. Hanna\">David P. Hanna<\/a> &#8211; the predecessor of today&#8217;s <a href=\"https:\/\/vierdrittel.com\/workshops-trainings-lernerlebnisse\/\">TIO.<\/a> In the following years we &#8211; together with Hejo &#8211; have further developed the model. At the end of the eighties, many training seminars at the VW Group prompted us to incorporate the reason for the model&#8217;s existence and its origins into the model and to scientifically validate the design elements (<a href=\"http:\/\/publications.rwth-aachen.de\/record\/74348?ln=de\" target=\"_blank\" rel=\"noopener noreferrer\" title=\"Siegfried Marks, 1991\">Siegfried Marks, 1991<\/a>).<\/p>\n<p>[\/et_pb_text][\/et_pb_column][\/et_pb_row][et_pb_row _builder_version=&#8221;4.16&#8243; global_colors_info=&#8221;{}&#8221;][et_pb_column type=&#8221;4_4&#8243; _builder_version=&#8221;4.16&#8243; global_colors_info=&#8221;{}&#8221;][et_pb_text _builder_version=&#8221;4.16&#8243; global_colors_info=&#8221;{}&#8221;]<\/p>\n<p>The strength of the OSTO system model is based on the networked consideration of the internal processes of an organisation, which consist of three core processes: Everything that goes in the desired direction are core processes. To optimize these means:<\/p>\n<ul>\n<li>Develop a love of detail, but not a love of detail. Understanding and shaping the interactions between the details and their effect on the whole (task core process).<\/li>\n<li>Understanding yourself in your own role and your contribution to the desired direction (individual core process).<\/li>\n<li>To form high performance teams that know what is really important and do not play off each other but rather use each other (social sore process).<\/li>\n<\/ul>\n<p>According to the OSTO systems approach, there are four steps to changing an organization:<\/p>\n<ul>\n<li>Starting from the &#8220;reason for existing&#8221; of an organization, a thorough system diagnosis is carried out to determine the &#8220;true&#8221; state of the system, without going off with &#8220;quick fixes&#8221; in between. Conscious and unconscious networking with the environment and your needs plays a central role.<\/li>\n<li>A redesign process in which the abundance of possible small solutions is sought and allowed.<\/li>\n<li>And then it is necessary to pick out those where the greatest effect in the desired direction can be expected with the least effort.<\/li>\n<li>And then it is necessary to find those solutions that produce the least effort with the least undesirable side effects with.<\/li>\n<\/ul>\n<p>[\/et_pb_text][et_pb_text _builder_version=&#8221;4.16&#8243; global_colors_info=&#8221;{}&#8221;]<\/p>\n<p>The growing demand in the market then led to the foundation of OSTO Systemberatung by Renate, today&#8217;s umlaut transformation GmbH. Parallel to this, Klaus has supervised more than 40 dissertations (PhD Theses) in his work at the RWTH Aachen University, in which the OSTO approach was further developed and applied in various fields.<br \/>For us it has become the essential orientation map to better understand and control complex and dynamic organizations.<\/p>\n<p>[\/et_pb_text][\/et_pb_column][\/et_pb_row][et_pb_row column_structure=&#8221;1_4,1_4,1_2&#8243; _builder_version=&#8221;4.16&#8243; max_width=&#8221;1002px&#8221; custom_margin=&#8221;||||false|false&#8221; global_colors_info=&#8221;{}&#8221;][et_pb_column type=&#8221;1_4&#8243; _builder_version=&#8221;4.16&#8243; global_colors_info=&#8221;{}&#8221;][et_pb_button button_url=&#8221;@ET-DC@eyJkeW5hbWljIjp0cnVlLCJjb250ZW50IjoicG9zdF9saW5rX3VybF9wYWdlIiwic2V0dGluZ3MiOnsicG9zdF9pZCI6IjUxMSJ9fQ==@&#8221; button_text=&#8221;Dynaxity&#8221; button_alignment=&#8221;center&#8221; _builder_version=&#8221;4.16&#8243; _dynamic_attributes=&#8221;button_url&#8221; global_colors_info=&#8221;{}&#8221;][\/et_pb_button][\/et_pb_column][et_pb_column type=&#8221;1_4&#8243; _builder_version=&#8221;4.16&#8243; global_colors_info=&#8221;{}&#8221;][et_pb_button button_url=&#8221;@ET-DC@eyJkeW5hbWljIjp0cnVlLCJjb250ZW50IjoicG9zdF9saW5rX3VybF9wYWdlIiwic2V0dGluZ3MiOnsicG9zdF9pZCI6IjUxNCJ9fQ==@&#8221; button_text=&#8221;Agile Manifesto&#8221; button_alignment=&#8221;center&#8221; _builder_version=&#8221;4.16&#8243; _dynamic_attributes=&#8221;button_url&#8221; global_colors_info=&#8221;{}&#8221;][\/et_pb_button][\/et_pb_column][et_pb_column type=&#8221;1_2&#8243; _builder_version=&#8221;4.16&#8243; global_colors_info=&#8221;{}&#8221;][et_pb_button button_url=&#8221;@ET-DC@eyJkeW5hbWljIjp0cnVlLCJjb250ZW50IjoicG9zdF9saW5rX3VybF9wYWdlIiwic2V0dGluZ3MiOnsicG9zdF9pZCI6IjUxNyJ9fQ==@&#8221; button_text=&#8221;TIO &#8211; the learning experience for the OSTO methodology&#8221; button_alignment=&#8221;center&#8221; _builder_version=&#8221;4.18.0&#8243; _dynamic_attributes=&#8221;button_url&#8221; hover_enabled=&#8221;0&#8243; global_colors_info=&#8221;{}&#8221; sticky_enabled=&#8221;0&#8243;][\/et_pb_button][\/et_pb_column][\/et_pb_row][\/et_pb_section][et_pb_section fb_built=&#8221;1&#8243; _builder_version=&#8221;4.16&#8243; background_color=&#8221;rgba(0,0,0,0)&#8221; custom_padding=&#8221;13px||3px|||&#8221; saved_tabs=&#8221;all&#8221; global_colors_info=&#8221;{}&#8221;][et_pb_row _builder_version=&#8221;4.16&#8243; custom_padding=&#8221;21px||0px|||&#8221; global_colors_info=&#8221;{}&#8221;][et_pb_column type=&#8221;4_4&#8243; _builder_version=&#8221;4.16&#8243; global_colors_info=&#8221;{}&#8221;][et_pb_divider color=&#8221;#e5bb13&#8243; divider_weight=&#8221;3px&#8221; _builder_version=&#8221;4.16&#8243; width=&#8221;20%&#8221; module_alignment=&#8221;center&#8221; global_colors_info=&#8221;{}&#8221;][\/et_pb_divider][\/et_pb_column][\/et_pb_row][\/et_pb_section]<\/p>\n","protected":false},"excerpt":{"rendered":"<p>more details about the OSTO-system model:www.wikipedia.orgLinkfangvierdrittel \u201eEach organisation is perfectly designed to get the results it get\u2019s!\u201dDavis. P. Hannawww.davidphanna.comOSTO-system model The OSTO system model describes how within an organisation, information from the environment, from the reason for existence, and from outputs\/outcomes is transformed into real results through transformation processes.We got to know the OSTO approach [&hellip;]<\/p>\n","protected":false},"author":2,"featured_media":545,"parent":0,"menu_order":0,"comment_status":"closed","ping_status":"closed","template":"","meta":{"_et_pb_use_builder":"on","_et_pb_old_content":"[et_pb_section fb_built=\"1\" _builder_version=\"4.2.1\" background_color=\"rgba(0,0,0,0)\" custom_padding=\"13px||3px|||\" saved_tabs=\"all\"][et_pb_row _builder_version=\"4.2.1\" custom_padding=\"21px||0px|||\"][et_pb_column type=\"4_4\" _builder_version=\"4.2.1\"][et_pb_divider color=\"#e5bb13\" divider_weight=\"3px\" _builder_version=\"4.2.1\" width=\"20%\" module_alignment=\"center\"][\/et_pb_divider][\/et_pb_column][\/et_pb_row][\/et_pb_section][et_pb_section fb_built=\"1\" _builder_version=\"4.2.1\" background_color=\"rgba(0,0,0,0)\" background_enable_image=\"off\" background_size=\"contain\" background_position=\"bottom_right\" custom_padding=\"8px||10px|||\" animation_style=\"fade\"][et_pb_row column_structure=\"1_3,2_3\" use_custom_gutter=\"on\" gutter_width=\"4\" make_equal=\"on\" _builder_version=\"4.2.1\" width=\"46%\" width_tablet=\"80%\" width_phone=\"\" width_last_edited=\"on|phone\" max_width=\"1110px\"][et_pb_column type=\"1_3\" _builder_version=\"4.2.1\"][et_pb_image src=\"https:\/\/henning4future.com\/wp-content\/uploads\/2020\/02\/OSTO_Systemmodell.jpg\" show_in_lightbox=\"on\" _builder_version=\"4.2.1\"][\/et_pb_image][et_pb_text _builder_version=\"4.2.1\"]\n\n<strong>Weitere Details zum OSTO-Systemmodell:<\/strong>\n<a href=\"https:\/\/de.wikipedia.org\/wiki\/OSTO-Systemmodell\" target=\"_blank\" rel=\"noopener noreferrer\" title=\"Artikel bei Wikipedia - deutsch\">www.wikipedia.de<\/a>\n<a href=\"https:\/\/de.linkfang.org\/wiki\/OSTO_Systemmodell\" target=\"_blank\" rel=\"noopener noreferrer\" title=\"Artikel bei Linkfang\">Linkfang<\/a>\n<a href=\"http:\/\/www.osto.de\" target=\"_blank\" rel=\"noopener noreferrer\" title=\"www.osto.de\">www.osto.de<\/a>\n\n\u201eEach organisation is perfectly designed to get the results it get\u2019s!\u201d\n<em>Davis. P. Hanna<\/em>\n<a href=\"http:\/\/www.davidphanna.com\" target=\"_blank\" rel=\"noopener noreferrer\" title=\"www.davidphanna.com\">www.davidphanna.com<\/a>\n\n[\/et_pb_text][\/et_pb_column][et_pb_column type=\"2_3\" _builder_version=\"4.2.1\"][et_pb_text _builder_version=\"4.2.1\"]\n<h2>OSTO-Systemmodell<\/h2>\nDas <strong>OSTO-Systemmodell<\/strong> beschreibt, dass im Inneren einer Organisation die Informationen aus der Umwelt, aus dem Existenzgrund, und den Outputs\/dem Outcome durch Transformationsprozesse in reale Ergebnisse umgewandelt werden.\nWir haben den OSTO Ansatz 1984 \u00fcber Heijo Rieckmann und Holger Krug (damals beide bei Procter@Gamble) kennengelernt. Sie hatten aus den Urspungsans\u00e4tzen von <a href=\"http:\/\/davidphanna.com\" target=\"_blank\" rel=\"noopener noreferrer\" title=\"David P. Hanna\">David P. Hanna<\/a> ein Trainingsseminar entwickelt \u2013 dem Vorl\u00e4ufer des heutigen <a href=\"http:\/\/www.syma-seminare.de\" target=\"_blank\" rel=\"noopener noreferrer\" title=\"www.syma-seminare.de\">SYMA<\/a> . In den Folgejahren haben wir \u2013 gemeinsam mit Hejo \u2013 das Modell weiterentwickelt. Ende der achtziger Jahre haben wir ausgel\u00f6st durch viele Trainingsseminare beim VW Konzern den Sinngrund und der Urgrund in das Modell aufgenommen und die Gestaltungselemente wissenschaftlich validiert (<a href=\"http:\/\/publications.rwth-aachen.de\/record\/74348?ln=de\" target=\"_blank\" rel=\"noopener noreferrer\" title=\"Siegfried Marks, 1991\">Siegfried Marks, 1991<\/a>).\n\n[\/et_pb_text][\/et_pb_column][\/et_pb_row][et_pb_row _builder_version=\"4.2.1\"][et_pb_column type=\"4_4\" _builder_version=\"4.2.1\"][et_pb_text _builder_version=\"4.2.1\" hover_enabled=\"0\"]\n\nDie St\u00e4rke des OSTO Systemmodells beruht auf der vernetzten Betrachtung der inneren Prozesse einer Organisation, die aus drei Kernpozessen bestehen: Alles was in die gew\u00fcnschte Richtung geht, sind Kernprozesse. Diese zu optimieren, bedeutet:\n<ul>\n \t<li>Liebe zum Detail entwickeln, aber keine Detailverliebtheit. Die Wechselwirkungen zwischen den Details und Ihre Wirkung auf das Ganze verstehen und gestalten (Aufgabenkernprozess).<\/li>\n \t<li>Sich selbst verstehen in der Eigenen Rolle und Leistungsbeitrag zu der gew\u00fcnschten Richtung (Individueller Kernprozess).<\/li>\n \t<li>Hochleistungsteams bilden, die wissen, worum es wirklich geht und sich nicht gegenseitig ausspielen, sondern nutzen (Sozialer Kernprozess).<\/li>\n<\/ul>\nF\u00fcr die Ver\u00e4nderung einer Organisation gelten nach dem OSTO Systemansatz vier Schritte:\n<ul>\n \t<li>Ausgehend vom \u201eExistenzgrund\u201c einer Organisation erfolgt eine gr\u00fcndliche Systemdiagnose, die den \u201ewahren\u201c Zustand des Systems ermittelt, ohne zwischendurch mit \u201eSchnellsch\u00fcssen\u201c zu verfallen. Dabei spielt die bewusste und unbewusste Vernetzung mit der Umwelt und Ihren Bed\u00fcrfnissen eine zentrale Rolle.<\/li>\n \t<li>Ein Redesign-Prozess, in dem man die F\u00fclle m\u00f6glicher kleiner L\u00f6sungen sucht und zul\u00e4sst.<\/li>\n \t<li>Und dann gilt es diejenigen heraus zu suchen, bei denen mit dem kleinsten Aufwand die gr\u00f6\u00dften Wirkung in die gew\u00fcnschte Richtung erwarten ist.<\/li>\n \t<li>Und es gilt diejenige L\u00f6sungen zu finden, die mit dem geringsten Aufwand die geringsten unerw\u00fcnschten Nebenwirkungen erzeugt.<\/li>\n<\/ul>\n[\/et_pb_text][et_pb_text _builder_version=\"4.2.1\" hover_enabled=\"0\"]\n\nDie wachsende Nachfrage im Markt f\u00fchrte dann zur Gr\u00fcndung der OSTO Systemberatung durch Renate, der heutigen umlaut transformation GmbH. Parallel hat Klaus in seiner T\u00e4tigkeit an der RWTH Aachen \u00fcber 40 Dissertationen betreut, in denen der OSTO Ansatz weiterentwickelt und in unterschiedliche Felder angewendet wurde.\nF\u00fcr uns ist es die wesentliche Orientierungslandkarte geworden, um komplexe und dynamische Organisationen besser zu verstehen und steuern zu k\u00f6nnen.\n\n[\/et_pb_text][\/et_pb_column][\/et_pb_row][et_pb_row column_structure=\"1_4,1_4,1_2\" _builder_version=\"4.2.1\" max_width=\"1002px\" custom_margin=\"||||false|false\"][et_pb_column type=\"1_4\" _builder_version=\"4.2.1\"][et_pb_button button_url=\"@ET-DC@eyJkeW5hbWljIjp0cnVlLCJjb250ZW50IjoicG9zdF9saW5rX3VybF9wYWdlIiwic2V0dGluZ3MiOnsicG9zdF9pZCI6IjUxMSJ9fQ==@\" button_text=\"Dynaxity\" button_alignment=\"center\" _builder_version=\"4.2.1\" _dynamic_attributes=\"button_url\"][\/et_pb_button][\/et_pb_column][et_pb_column type=\"1_4\" _builder_version=\"4.2.1\"][et_pb_button button_url=\"@ET-DC@eyJkeW5hbWljIjp0cnVlLCJjb250ZW50IjoicG9zdF9saW5rX3VybF9wYWdlIiwic2V0dGluZ3MiOnsicG9zdF9pZCI6IjUxNCJ9fQ==@\" button_text=\"Agiles Manifest\" button_alignment=\"center\" _builder_version=\"4.2.1\" _dynamic_attributes=\"button_url\"][\/et_pb_button][\/et_pb_column][et_pb_column type=\"1_2\" _builder_version=\"4.2.1\"][et_pb_button button_url=\"@ET-DC@eyJkeW5hbWljIjp0cnVlLCJjb250ZW50IjoicG9zdF9saW5rX3VybF9wYWdlIiwic2V0dGluZ3MiOnsicG9zdF9pZCI6IjUxNyJ9fQ==@\" button_text=\"SYMA - Systemisches Management\" button_alignment=\"center\" _builder_version=\"4.2.1\" _dynamic_attributes=\"button_url\"][\/et_pb_button][\/et_pb_column][\/et_pb_row][\/et_pb_section][et_pb_section fb_built=\"1\" _builder_version=\"4.2.1\" background_color=\"rgba(0,0,0,0)\" custom_padding=\"13px||3px|||\" saved_tabs=\"all\"][et_pb_row _builder_version=\"4.2.1\" custom_padding=\"21px||0px|||\"][et_pb_column type=\"4_4\" _builder_version=\"4.2.1\"][et_pb_divider color=\"#e5bb13\" divider_weight=\"3px\" _builder_version=\"4.2.1\" width=\"20%\" module_alignment=\"center\"][\/et_pb_divider][\/et_pb_column][\/et_pb_row][\/et_pb_section]","_et_gb_content_width":""},"yoast_head":"<!-- This site is optimized with the Yoast SEO plugin v19.7 - https:\/\/yoast.com\/wordpress\/plugins\/seo\/ -->\n<title>OSTO system model - henning4future.com<\/title>\n<meta name=\"description\" content=\"The OSTO system model describes how within an organisation, information from the environment, from the reason for existence, and from outputs\/outcomes is ...\" \/>\n<meta name=\"robots\" content=\"index, follow, max-snippet:-1, max-image-preview:large, max-video-preview:-1\" \/>\n<link rel=\"canonical\" href=\"https:\/\/henning4future.com\/en\/osto-system-model\/\" \/>\n<meta property=\"og:locale\" content=\"en_US\" \/>\n<meta property=\"og:type\" content=\"article\" \/>\n<meta property=\"og:title\" content=\"OSTO system model - henning4future.com\" \/>\n<meta property=\"og:description\" content=\"The OSTO system model describes how within an organisation, information from the environment, from the reason for existence, and from outputs\/outcomes is ...\" \/>\n<meta property=\"og:url\" content=\"https:\/\/henning4future.com\/en\/osto-system-model\/\" \/>\n<meta property=\"og:site_name\" content=\"henning4future.com\" \/>\n<meta property=\"article:modified_time\" content=\"2025-03-14T16:09:54+00:00\" \/>\n<meta property=\"og:image\" content=\"https:\/\/henning4future.com\/wp-content\/uploads\/2020\/02\/OSTO_Systemmodell.jpg\" \/>\n\t<meta property=\"og:image:width\" content=\"808\" \/>\n\t<meta property=\"og:image:height\" content=\"550\" \/>\n\t<meta property=\"og:image:type\" content=\"image\/jpeg\" \/>\n<meta name=\"twitter:card\" content=\"summary_large_image\" \/>\n<meta name=\"twitter:label1\" content=\"Est. reading time\" \/>\n\t<meta name=\"twitter:data1\" content=\"5 minutes\" \/>\n<script type=\"application\/ld+json\" class=\"yoast-schema-graph\">{\"@context\":\"https:\/\/schema.org\",\"@graph\":[{\"@type\":\"WebPage\",\"@id\":\"https:\/\/henning4future.com\/en\/osto-system-model\/\",\"url\":\"https:\/\/henning4future.com\/en\/osto-system-model\/\",\"name\":\"OSTO system model - henning4future.com\",\"isPartOf\":{\"@id\":\"https:\/\/henning4future.com\/#website\"},\"datePublished\":\"2020-04-04T10:50:48+00:00\",\"dateModified\":\"2025-03-14T16:09:54+00:00\",\"description\":\"The OSTO system model describes how within an organisation, information from the environment, from the reason for existence, and from outputs\/outcomes is ...\",\"breadcrumb\":{\"@id\":\"https:\/\/henning4future.com\/en\/osto-system-model\/#breadcrumb\"},\"inLanguage\":\"en-US\",\"potentialAction\":[{\"@type\":\"ReadAction\",\"target\":[\"https:\/\/henning4future.com\/en\/osto-system-model\/\"]}]},{\"@type\":\"BreadcrumbList\",\"@id\":\"https:\/\/henning4future.com\/en\/osto-system-model\/#breadcrumb\",\"itemListElement\":[{\"@type\":\"ListItem\",\"position\":1,\"name\":\"Startseite\",\"item\":\"https:\/\/henning4future.com\/en\/\"},{\"@type\":\"ListItem\",\"position\":2,\"name\":\"OSTO system model\"}]},{\"@type\":\"WebSite\",\"@id\":\"https:\/\/henning4future.com\/#website\",\"url\":\"https:\/\/henning4future.com\/\",\"name\":\"henning4future.com\",\"description\":\"In eine lebenswerte Zukunft begleiten\",\"publisher\":{\"@id\":\"https:\/\/henning4future.com\/#organization\"},\"potentialAction\":[{\"@type\":\"SearchAction\",\"target\":{\"@type\":\"EntryPoint\",\"urlTemplate\":\"https:\/\/henning4future.com\/?s={search_term_string}\"},\"query-input\":\"required name=search_term_string\"}],\"inLanguage\":\"en-US\"},{\"@type\":\"Organization\",\"@id\":\"https:\/\/henning4future.com\/#organization\",\"name\":\"henning4future.com\",\"url\":\"https:\/\/henning4future.com\/\",\"sameAs\":[],\"logo\":{\"@type\":\"ImageObject\",\"inLanguage\":\"en-US\",\"@id\":\"https:\/\/henning4future.com\/#\/schema\/logo\/image\/\",\"url\":\"https:\/\/henning4future.com\/wp-content\/uploads\/2020\/02\/logo-henning.png\",\"contentUrl\":\"https:\/\/henning4future.com\/wp-content\/uploads\/2020\/02\/logo-henning.png\",\"width\":524,\"height\":385,\"caption\":\"henning4future.com\"},\"image\":{\"@id\":\"https:\/\/henning4future.com\/#\/schema\/logo\/image\/\"}}]}<\/script>\n<!-- \/ Yoast SEO plugin. -->","yoast_head_json":{"title":"OSTO system model - henning4future.com","description":"The OSTO system model describes how within an organisation, information from the environment, from the reason for existence, and from outputs\/outcomes is ...","robots":{"index":"index","follow":"follow","max-snippet":"max-snippet:-1","max-image-preview":"max-image-preview:large","max-video-preview":"max-video-preview:-1"},"canonical":"https:\/\/henning4future.com\/en\/osto-system-model\/","og_locale":"en_US","og_type":"article","og_title":"OSTO system model - henning4future.com","og_description":"The OSTO system model describes how within an organisation, information from the environment, from the reason for existence, and from outputs\/outcomes is ...","og_url":"https:\/\/henning4future.com\/en\/osto-system-model\/","og_site_name":"henning4future.com","article_modified_time":"2025-03-14T16:09:54+00:00","og_image":[{"width":808,"height":550,"url":"https:\/\/henning4future.com\/wp-content\/uploads\/2020\/02\/OSTO_Systemmodell.jpg","type":"image\/jpeg"}],"twitter_card":"summary_large_image","twitter_misc":{"Est. reading time":"5 minutes"},"schema":{"@context":"https:\/\/schema.org","@graph":[{"@type":"WebPage","@id":"https:\/\/henning4future.com\/en\/osto-system-model\/","url":"https:\/\/henning4future.com\/en\/osto-system-model\/","name":"OSTO system model - henning4future.com","isPartOf":{"@id":"https:\/\/henning4future.com\/#website"},"datePublished":"2020-04-04T10:50:48+00:00","dateModified":"2025-03-14T16:09:54+00:00","description":"The OSTO system model describes how within an organisation, information from the environment, from the reason for existence, and from outputs\/outcomes is ...","breadcrumb":{"@id":"https:\/\/henning4future.com\/en\/osto-system-model\/#breadcrumb"},"inLanguage":"en-US","potentialAction":[{"@type":"ReadAction","target":["https:\/\/henning4future.com\/en\/osto-system-model\/"]}]},{"@type":"BreadcrumbList","@id":"https:\/\/henning4future.com\/en\/osto-system-model\/#breadcrumb","itemListElement":[{"@type":"ListItem","position":1,"name":"Startseite","item":"https:\/\/henning4future.com\/en\/"},{"@type":"ListItem","position":2,"name":"OSTO system model"}]},{"@type":"WebSite","@id":"https:\/\/henning4future.com\/#website","url":"https:\/\/henning4future.com\/","name":"henning4future.com","description":"In eine lebenswerte Zukunft begleiten","publisher":{"@id":"https:\/\/henning4future.com\/#organization"},"potentialAction":[{"@type":"SearchAction","target":{"@type":"EntryPoint","urlTemplate":"https:\/\/henning4future.com\/?s={search_term_string}"},"query-input":"required name=search_term_string"}],"inLanguage":"en-US"},{"@type":"Organization","@id":"https:\/\/henning4future.com\/#organization","name":"henning4future.com","url":"https:\/\/henning4future.com\/","sameAs":[],"logo":{"@type":"ImageObject","inLanguage":"en-US","@id":"https:\/\/henning4future.com\/#\/schema\/logo\/image\/","url":"https:\/\/henning4future.com\/wp-content\/uploads\/2020\/02\/logo-henning.png","contentUrl":"https:\/\/henning4future.com\/wp-content\/uploads\/2020\/02\/logo-henning.png","width":524,"height":385,"caption":"henning4future.com"},"image":{"@id":"https:\/\/henning4future.com\/#\/schema\/logo\/image\/"}}]}},"_links":{"self":[{"href":"https:\/\/henning4future.com\/en\/wp-json\/wp\/v2\/pages\/897"}],"collection":[{"href":"https:\/\/henning4future.com\/en\/wp-json\/wp\/v2\/pages"}],"about":[{"href":"https:\/\/henning4future.com\/en\/wp-json\/wp\/v2\/types\/page"}],"author":[{"embeddable":true,"href":"https:\/\/henning4future.com\/en\/wp-json\/wp\/v2\/users\/2"}],"replies":[{"embeddable":true,"href":"https:\/\/henning4future.com\/en\/wp-json\/wp\/v2\/comments?post=897"}],"version-history":[{"count":13,"href":"https:\/\/henning4future.com\/en\/wp-json\/wp\/v2\/pages\/897\/revisions"}],"predecessor-version":[{"id":1704,"href":"https:\/\/henning4future.com\/en\/wp-json\/wp\/v2\/pages\/897\/revisions\/1704"}],"wp:featuredmedia":[{"embeddable":true,"href":"https:\/\/henning4future.com\/en\/wp-json\/wp\/v2\/media\/545"}],"wp:attachment":[{"href":"https:\/\/henning4future.com\/en\/wp-json\/wp\/v2\/media?parent=897"}],"curies":[{"name":"wp","href":"https:\/\/api.w.org\/{rel}","templated":true}]}}