{"id":911,"date":"2020-04-04T13:02:13","date_gmt":"2020-04-04T11:02:13","guid":{"rendered":"https:\/\/henning4future.com\/?page_id=911"},"modified":"2020-04-09T09:38:50","modified_gmt":"2020-04-09T07:38:50","slug":"lectures-and-publications","status":"publish","type":"page","link":"https:\/\/henning4future.com\/en\/lectures-and-publications\/","title":{"rendered":"Lectures and publications"},"content":{"rendered":"\n[et_pb_section fb_built=&#8221;1&#8243; _builder_version=&#8221;4.2.1&#8243; background_color=&#8221;rgba(0,0,0,0)&#8221; custom_padding=&#8221;13px||3px|||&#8221; saved_tabs=&#8221;all&#8221;][et_pb_row _builder_version=&#8221;4.2.1&#8243; custom_padding=&#8221;21px||0px|||&#8221;][et_pb_column type=&#8221;4_4&#8243; _builder_version=&#8221;4.2.1&#8243;][et_pb_divider color=&#8221;#e5bb13&#8243; divider_weight=&#8221;3px&#8221; _builder_version=&#8221;4.2.1&#8243; width=&#8221;20%&#8221; module_alignment=&#8221;center&#8221;][\/et_pb_divider][\/et_pb_column][\/et_pb_row][\/et_pb_section][et_pb_section fb_built=&#8221;1&#8243; _builder_version=&#8221;4.2.1&#8243; background_color=&#8221;rgba(0,0,0,0)&#8221; animation_style=&#8221;fade&#8221;][et_pb_row _builder_version=&#8221;4.2.1&#8243; width=&#8221;50%&#8221; width_tablet=&#8221;80%&#8221; width_phone=&#8221;80%&#8221; width_last_edited=&#8221;on|tablet&#8221;][et_pb_column type=&#8221;4_4&#8243; _builder_version=&#8221;4.2.1&#8243;][et_pb_text _builder_version=&#8221;4.2.1&#8243; hover_enabled=&#8221;0&#8243;]<h2>Publications and articles<\/h2>\n<p>&nbsp;<\/p>\n<h3>Zusammenarbeit zwischen M\u00e4nnern und Frauen<\/h3>\n<p><a href=\"https:\/\/www.bfbm.de\/bfbm\/bfbmwxsp.nsf\/web\/Mit-Komplexitaet-erfolgreich-leben\" target=\"_blank\" rel=\"noopener noreferrer\" title=\"Link zur Homepage mit dem Vortrag beim Bundesverband der Frau im Business und Management.e.V.\"><em>Vortrag beim Bundesverband der Frau im Business und Management.e.V.<\/em><\/a><\/p>\n<p>Mit Komplexit\u00e4t erfolgreich leben<br \/> Dass unsere Arbeitswelt immer komplexer und dynamischer wird, ist wohl schon jeder und jedem aufgefallen, aber wie sollen wir damit umgehen? M\u00e4rkte, Kundenerwartungen, sowie technische und politische Rahmenbedingungen \u00e4ndern sich immer schneller und verlangen st\u00e4ndig Reaktionen von uns. Der B.F.B.M. in Aachen hat dazu einen Themenabend mit der Unternehmensberaterin Renate Henning ausgerichtet. Welche Erfahrungen haben Sie mit Dynamik und Komplexit\u00e4t in Ihrem pers\u00f6nlichen Arbeitsumfeld? Wie gut sind Frauen f\u00fcr die neuen Herausforderungen ger\u00fcstet? Und in wieweit k\u00f6nnen Frauen von \u201eDynaxity\u201c profitieren?<\/p>\n<p>&nbsp;<\/p>\n[\/et_pb_text][et_pb_text _builder_version=&#8221;4.2.1&#8243;]<h3>Artikel Systemische Organisationsberatung<\/h3>\n<p>Die Ausgangslage von Organisationen zeichnet sich durch steigende Dynamik und Komplexit\u00e4t aus. Nicht wenigen F\u00fchrungskr\u00e4ften stellt sich die Frage, wie sie bei wachsender Komplexit\u00e4t und Dynamik den \u00dcberblick behalten und trotz zunehmender Unkalkulierbarkeit entscheidungs- und handlungsf\u00e4hig bleiben.<\/p>\n<p><a href=\"https:\/\/www.consultingbay.de\/ce\/systemische-organisationsberatung\/detail.html\" target=\"_blank\" rel=\"noopener noreferrer\" title=\"Link zur Bestellung des Textes bei www.consultingbay.de\">Bestellung<\/a><\/p>[\/et_pb_text][\/et_pb_column][\/et_pb_row][\/et_pb_section][et_pb_section fb_built=&#8221;1&#8243; _builder_version=&#8221;4.2.1&#8243; background_color=&#8221;rgba(0,0,0,0)&#8221; custom_padding=&#8221;13px||3px|||&#8221; saved_tabs=&#8221;all&#8221;][et_pb_row _builder_version=&#8221;4.2.1&#8243; custom_padding=&#8221;21px||0px|||&#8221;][et_pb_column type=&#8221;4_4&#8243; _builder_version=&#8221;4.2.1&#8243;][et_pb_divider color=&#8221;#e5bb13&#8243; divider_weight=&#8221;3px&#8221; _builder_version=&#8221;4.2.1&#8243; width=&#8221;20%&#8221; module_alignment=&#8221;center&#8221;][\/et_pb_divider][\/et_pb_column][\/et_pb_row][\/et_pb_section]\n","protected":false},"excerpt":{"rendered":"<p>Publications and articles &nbsp; Zusammenarbeit zwischen M\u00e4nnern und Frauen Vortrag beim Bundesverband der Frau im Business und Management.e.V. Mit Komplexit\u00e4t erfolgreich leben Dass unsere Arbeitswelt immer komplexer und dynamischer wird, ist wohl schon jeder und jedem aufgefallen, aber wie sollen wir damit umgehen? M\u00e4rkte, Kundenerwartungen, sowie technische und politische Rahmenbedingungen \u00e4ndern sich immer schneller und [&hellip;]<\/p>\n","protected":false},"author":2,"featured_media":0,"parent":0,"menu_order":0,"comment_status":"closed","ping_status":"closed","template":"","meta":{"_et_pb_use_builder":"on","_et_pb_old_content":"<!-- wp:divi\/placeholder -->\n[et_pb_section fb_built=\"1\" _builder_version=\"4.2.1\" background_color=\"rgba(0,0,0,0)\" custom_padding=\"13px||3px|||\" saved_tabs=\"all\"][et_pb_row _builder_version=\"4.2.1\" custom_padding=\"21px||0px|||\"][et_pb_column type=\"4_4\" _builder_version=\"4.2.1\"][et_pb_divider color=\"#e5bb13\" divider_weight=\"3px\" _builder_version=\"4.2.1\" width=\"20%\" module_alignment=\"center\"][\/et_pb_divider][\/et_pb_column][\/et_pb_row][\/et_pb_section][et_pb_section fb_built=\"1\" _builder_version=\"4.2.1\" background_color=\"rgba(0,0,0,0)\" animation_style=\"fade\"][et_pb_row _builder_version=\"4.2.1\" width=\"50%\" width_tablet=\"80%\" width_phone=\"80%\" width_last_edited=\"on|tablet\"][et_pb_column type=\"4_4\" _builder_version=\"4.2.1\"][et_pb_text _builder_version=\"4.2.1\"]<h2>Vortr\u00e4ge und Ver\u00f6ffentlichungen<\/h2>\n<p>&nbsp;<\/p>\n<h3>Zusammenarbeit zwischen M\u00e4nnern und Frauen<\/h3>\n<p><a href=\"https:\/\/www.bfbm.de\/bfbm\/bfbmwxsp.nsf\/web\/Mit-Komplexitaet-erfolgreich-leben\" target=\"_blank\" rel=\"noopener noreferrer\" title=\"Link zur Homepage mit dem Vortrag beim Bundesverband der Frau im Business und Management.e.V.\"><em>Vortrag beim Bundesverband der Frau im Business und Management.e.V.<\/em><\/a><\/p>\n<p>Mit Komplexit\u00e4t erfolgreich leben<br \/> Dass unsere Arbeitswelt immer komplexer und dynamischer wird, ist wohl schon jeder und jedem aufgefallen, aber wie sollen wir damit umgehen? M\u00e4rkte, Kundenerwartungen, sowie technische und politische Rahmenbedingungen \u00e4ndern sich immer schneller und verlangen st\u00e4ndig Reaktionen von uns. Der B.F.B.M. in Aachen hat dazu einen Themenabend mit der Unternehmensberaterin Renate Henning ausgerichtet. Welche Erfahrungen haben Sie mit Dynamik und Komplexit\u00e4t in Ihrem pers\u00f6nlichen Arbeitsumfeld? Wie gut sind Frauen f\u00fcr die neuen Herausforderungen ger\u00fcstet? Und in wieweit k\u00f6nnen Frauen von \u201eDynaxity\u201c profitieren?<\/p>\n<p>&nbsp;<\/p>[\/et_pb_text][et_pb_text _builder_version=\"4.2.1\"]<h3>Artikel Systemische Organisationsberatung<\/h3>\n<p>Die Ausgangslage von Organisationen zeichnet sich durch steigende Dynamik und Komplexit\u00e4t aus. Nicht wenigen F\u00fchrungskr\u00e4ften stellt sich die Frage, wie sie bei wachsender Komplexit\u00e4t und Dynamik den \u00dcberblick behalten und trotz zunehmender Unkalkulierbarkeit entscheidungs- und handlungsf\u00e4hig bleiben.<\/p>\n<p><a href=\"https:\/\/www.consultingbay.de\/ce\/systemische-organisationsberatung\/detail.html\" target=\"_blank\" rel=\"noopener noreferrer\" title=\"Link zur Bestellung des Textes bei www.consultingbay.de\">Bestellung<\/a><\/p>[\/et_pb_text][\/et_pb_column][\/et_pb_row][\/et_pb_section][et_pb_section fb_built=\"1\" _builder_version=\"4.2.1\" background_color=\"rgba(0,0,0,0)\" custom_padding=\"13px||3px|||\" global_module=\"41\" saved_tabs=\"all\"][et_pb_row _builder_version=\"4.2.1\" custom_padding=\"21px||0px|||\"][et_pb_column type=\"4_4\" _builder_version=\"4.2.1\"][et_pb_divider color=\"#e5bb13\" divider_weight=\"3px\" _builder_version=\"4.2.1\" width=\"20%\" module_alignment=\"center\"][\/et_pb_divider][\/et_pb_column][\/et_pb_row][\/et_pb_section]\n<!-- \/wp:divi\/placeholder -->","_et_gb_content_width":""},"yoast_head":"<!-- This site is optimized with the Yoast SEO plugin v19.7 - https:\/\/yoast.com\/wordpress\/plugins\/seo\/ -->\n<title>Lectures and publications - henning4future.com<\/title>\n<meta name=\"robots\" content=\"index, follow, max-snippet:-1, max-image-preview:large, max-video-preview:-1\" \/>\n<link rel=\"canonical\" href=\"https:\/\/henning4future.com\/en\/lectures-and-publications\/\" \/>\n<meta property=\"og:locale\" content=\"en_US\" \/>\n<meta property=\"og:type\" content=\"article\" \/>\n<meta property=\"og:title\" content=\"Lectures and publications - henning4future.com\" \/>\n<meta property=\"og:description\" content=\"Publications and articles &nbsp; Zusammenarbeit zwischen M\u00e4nnern und Frauen Vortrag beim Bundesverband der Frau im Business und Management.e.V. Mit Komplexit\u00e4t erfolgreich leben Dass unsere Arbeitswelt immer komplexer und dynamischer wird, ist wohl schon jeder und jedem aufgefallen, aber wie sollen wir damit umgehen? M\u00e4rkte, Kundenerwartungen, sowie technische und politische Rahmenbedingungen \u00e4ndern sich immer schneller und [&hellip;]\" \/>\n<meta property=\"og:url\" content=\"https:\/\/henning4future.com\/en\/lectures-and-publications\/\" \/>\n<meta property=\"og:site_name\" content=\"henning4future.com\" \/>\n<meta property=\"article:modified_time\" content=\"2020-04-09T07:38:50+00:00\" \/>\n<meta name=\"twitter:card\" content=\"summary_large_image\" \/>\n<meta name=\"twitter:label1\" content=\"Est. reading time\" \/>\n\t<meta name=\"twitter:data1\" content=\"2 minutes\" \/>\n<script type=\"application\/ld+json\" class=\"yoast-schema-graph\">{\"@context\":\"https:\/\/schema.org\",\"@graph\":[{\"@type\":\"WebPage\",\"@id\":\"https:\/\/henning4future.com\/en\/lectures-and-publications\/\",\"url\":\"https:\/\/henning4future.com\/en\/lectures-and-publications\/\",\"name\":\"Lectures and publications - henning4future.com\",\"isPartOf\":{\"@id\":\"https:\/\/henning4future.com\/#website\"},\"datePublished\":\"2020-04-04T11:02:13+00:00\",\"dateModified\":\"2020-04-09T07:38:50+00:00\",\"breadcrumb\":{\"@id\":\"https:\/\/henning4future.com\/en\/lectures-and-publications\/#breadcrumb\"},\"inLanguage\":\"en-US\",\"potentialAction\":[{\"@type\":\"ReadAction\",\"target\":[\"https:\/\/henning4future.com\/en\/lectures-and-publications\/\"]}]},{\"@type\":\"BreadcrumbList\",\"@id\":\"https:\/\/henning4future.com\/en\/lectures-and-publications\/#breadcrumb\",\"itemListElement\":[{\"@type\":\"ListItem\",\"position\":1,\"name\":\"Startseite\",\"item\":\"https:\/\/henning4future.com\/en\/\"},{\"@type\":\"ListItem\",\"position\":2,\"name\":\"Lectures and publications\"}]},{\"@type\":\"WebSite\",\"@id\":\"https:\/\/henning4future.com\/#website\",\"url\":\"https:\/\/henning4future.com\/\",\"name\":\"henning4future.com\",\"description\":\"In eine lebenswerte Zukunft begleiten\",\"publisher\":{\"@id\":\"https:\/\/henning4future.com\/#organization\"},\"potentialAction\":[{\"@type\":\"SearchAction\",\"target\":{\"@type\":\"EntryPoint\",\"urlTemplate\":\"https:\/\/henning4future.com\/?s={search_term_string}\"},\"query-input\":\"required name=search_term_string\"}],\"inLanguage\":\"en-US\"},{\"@type\":\"Organization\",\"@id\":\"https:\/\/henning4future.com\/#organization\",\"name\":\"henning4future.com\",\"url\":\"https:\/\/henning4future.com\/\",\"sameAs\":[],\"logo\":{\"@type\":\"ImageObject\",\"inLanguage\":\"en-US\",\"@id\":\"https:\/\/henning4future.com\/#\/schema\/logo\/image\/\",\"url\":\"https:\/\/henning4future.com\/wp-content\/uploads\/2020\/02\/logo-henning.png\",\"contentUrl\":\"https:\/\/henning4future.com\/wp-content\/uploads\/2020\/02\/logo-henning.png\",\"width\":524,\"height\":385,\"caption\":\"henning4future.com\"},\"image\":{\"@id\":\"https:\/\/henning4future.com\/#\/schema\/logo\/image\/\"}}]}<\/script>\n<!-- \/ Yoast SEO plugin. -->","yoast_head_json":{"title":"Lectures and publications - henning4future.com","robots":{"index":"index","follow":"follow","max-snippet":"max-snippet:-1","max-image-preview":"max-image-preview:large","max-video-preview":"max-video-preview:-1"},"canonical":"https:\/\/henning4future.com\/en\/lectures-and-publications\/","og_locale":"en_US","og_type":"article","og_title":"Lectures and publications - henning4future.com","og_description":"Publications and articles &nbsp; Zusammenarbeit zwischen M\u00e4nnern und Frauen Vortrag beim Bundesverband der Frau im Business und Management.e.V. Mit Komplexit\u00e4t erfolgreich leben Dass unsere Arbeitswelt immer komplexer und dynamischer wird, ist wohl schon jeder und jedem aufgefallen, aber wie sollen wir damit umgehen? M\u00e4rkte, Kundenerwartungen, sowie technische und politische Rahmenbedingungen \u00e4ndern sich immer schneller und [&hellip;]","og_url":"https:\/\/henning4future.com\/en\/lectures-and-publications\/","og_site_name":"henning4future.com","article_modified_time":"2020-04-09T07:38:50+00:00","twitter_card":"summary_large_image","twitter_misc":{"Est. reading time":"2 minutes"},"schema":{"@context":"https:\/\/schema.org","@graph":[{"@type":"WebPage","@id":"https:\/\/henning4future.com\/en\/lectures-and-publications\/","url":"https:\/\/henning4future.com\/en\/lectures-and-publications\/","name":"Lectures and publications - henning4future.com","isPartOf":{"@id":"https:\/\/henning4future.com\/#website"},"datePublished":"2020-04-04T11:02:13+00:00","dateModified":"2020-04-09T07:38:50+00:00","breadcrumb":{"@id":"https:\/\/henning4future.com\/en\/lectures-and-publications\/#breadcrumb"},"inLanguage":"en-US","potentialAction":[{"@type":"ReadAction","target":["https:\/\/henning4future.com\/en\/lectures-and-publications\/"]}]},{"@type":"BreadcrumbList","@id":"https:\/\/henning4future.com\/en\/lectures-and-publications\/#breadcrumb","itemListElement":[{"@type":"ListItem","position":1,"name":"Startseite","item":"https:\/\/henning4future.com\/en\/"},{"@type":"ListItem","position":2,"name":"Lectures and publications"}]},{"@type":"WebSite","@id":"https:\/\/henning4future.com\/#website","url":"https:\/\/henning4future.com\/","name":"henning4future.com","description":"In eine lebenswerte Zukunft begleiten","publisher":{"@id":"https:\/\/henning4future.com\/#organization"},"potentialAction":[{"@type":"SearchAction","target":{"@type":"EntryPoint","urlTemplate":"https:\/\/henning4future.com\/?s={search_term_string}"},"query-input":"required name=search_term_string"}],"inLanguage":"en-US"},{"@type":"Organization","@id":"https:\/\/henning4future.com\/#organization","name":"henning4future.com","url":"https:\/\/henning4future.com\/","sameAs":[],"logo":{"@type":"ImageObject","inLanguage":"en-US","@id":"https:\/\/henning4future.com\/#\/schema\/logo\/image\/","url":"https:\/\/henning4future.com\/wp-content\/uploads\/2020\/02\/logo-henning.png","contentUrl":"https:\/\/henning4future.com\/wp-content\/uploads\/2020\/02\/logo-henning.png","width":524,"height":385,"caption":"henning4future.com"},"image":{"@id":"https:\/\/henning4future.com\/#\/schema\/logo\/image\/"}}]}},"_links":{"self":[{"href":"https:\/\/henning4future.com\/en\/wp-json\/wp\/v2\/pages\/911"}],"collection":[{"href":"https:\/\/henning4future.com\/en\/wp-json\/wp\/v2\/pages"}],"about":[{"href":"https:\/\/henning4future.com\/en\/wp-json\/wp\/v2\/types\/page"}],"author":[{"embeddable":true,"href":"https:\/\/henning4future.com\/en\/wp-json\/wp\/v2\/users\/2"}],"replies":[{"embeddable":true,"href":"https:\/\/henning4future.com\/en\/wp-json\/wp\/v2\/comments?post=911"}],"version-history":[{"count":3,"href":"https:\/\/henning4future.com\/en\/wp-json\/wp\/v2\/pages\/911\/revisions"}],"predecessor-version":[{"id":1085,"href":"https:\/\/henning4future.com\/en\/wp-json\/wp\/v2\/pages\/911\/revisions\/1085"}],"wp:attachment":[{"href":"https:\/\/henning4future.com\/en\/wp-json\/wp\/v2\/media?parent=911"}],"curies":[{"name":"wp","href":"https:\/\/api.w.org\/{rel}","templated":true}]}}